{"id":874,"date":"2026-02-28T14:30:00","date_gmt":"2026-02-28T14:30:00","guid":{"rendered":"https:\/\/herfoelgeborger.dk\/?page_id=874"},"modified":"2026-03-30T08:04:49","modified_gmt":"2026-03-30T08:04:49","slug":"tilmelding-af-aarsmoede-2026","status":"publish","type":"page","link":"https:\/\/herfoelgeborger.dk\/?page_id=874","title":{"rendered":"\u00c5rsm\u00f8de 2026"},"content":{"rendered":"\n<div class=\"wp-block-uagb-buttons uagb-buttons__outer-wrap uagb-btn__default-btn uagb-btn-tablet__default-btn uagb-btn-mobile__default-btn uagb-block-bd2675ce\"><div class=\"uagb-buttons__wrap uagb-buttons-layout-wrap \">\n<div class=\"wp-block-uagb-buttons-child uagb-buttons__outer-wrap uagb-block-0f95b686 wp-block-button\"><div class=\"uagb-button__wrapper\"><a class=\"uagb-buttons-repeater wp-block-button__link\" aria-label=\"\" href=\"#Tilmelding\" rel=\"follow noopener\" target=\"_self\" role=\"button\"><div class=\"uagb-button__link\">Tilmelding \u00c5rsm\u00f8de<\/div><span class=\"uagb-button__icon uagb-button__icon-position-after\"><svg xmlns=\"https:\/\/www.w3.org\/2000\/svg\" viewBox=\"0 0 448 512\" aria-hidden=\"true\" focussable=\"false\"><path d=\"M438.6 278.6l-160 160C272.4 444.9 264.2 448 256 448s-16.38-3.125-22.62-9.375c-12.5-12.5-12.5-32.75 0-45.25L338.8 288H32C14.33 288 .0016 273.7 .0016 256S14.33 224 32 224h306.8l-105.4-105.4c-12.5-12.5-12.5-32.75 0-45.25s32.75-12.5 45.25 0l160 160C451.1 245.9 451.1 266.1 438.6 278.6z\"><\/path><\/svg><\/span><\/a><\/div><\/div>\n\n\n\n<div class=\"wp-block-uagb-buttons-child uagb-buttons__outer-wrap uagb-block-09b5349a wp-block-button\"><div class=\"uagb-button__wrapper\"><a class=\"uagb-buttons-repeater wp-block-button__link\" aria-label=\"\" href=\"#Forslag\" rel=\"follow noopener\" target=\"_self\" role=\"button\"><div class=\"uagb-button__link\">Forslag<\/div><span class=\"uagb-button__icon uagb-button__icon-position-after\"><svg xmlns=\"https:\/\/www.w3.org\/2000\/svg\" viewBox=\"0 0 448 512\" aria-hidden=\"true\" focussable=\"false\"><path d=\"M438.6 278.6l-160 160C272.4 444.9 264.2 448 256 448s-16.38-3.125-22.62-9.375c-12.5-12.5-12.5-32.75 0-45.25L338.8 288H32C14.33 288 .0016 273.7 .0016 256S14.33 224 32 224h306.8l-105.4-105.4c-12.5-12.5-12.5-32.75 0-45.25s32.75-12.5 45.25 0l160 160C451.1 245.9 451.1 266.1 438.6 278.6z\"><\/path><\/svg><\/span><\/a><\/div><\/div>\n\n\n\n<div class=\"wp-block-uagb-buttons-child uagb-buttons__outer-wrap uagb-block-c21309d0 wp-block-button\"><div class=\"uagb-button__wrapper\"><a class=\"uagb-buttons-repeater wp-block-button__link\" aria-label=\"\" href=\"#Regnskab\" rel=\"follow noopener\" target=\"_self\" role=\"button\"><div class=\"uagb-button__link\">Regnskab<\/div><span class=\"uagb-button__icon uagb-button__icon-position-after\"><svg xmlns=\"https:\/\/www.w3.org\/2000\/svg\" viewBox=\"0 0 448 512\" aria-hidden=\"true\" focussable=\"false\"><path d=\"M438.6 278.6l-160 160C272.4 444.9 264.2 448 256 448s-16.38-3.125-22.62-9.375c-12.5-12.5-12.5-32.75 0-45.25L338.8 288H32C14.33 288 .0016 273.7 .0016 256S14.33 224 32 224h306.8l-105.4-105.4c-12.5-12.5-12.5-32.75 0-45.25s32.75-12.5 45.25 0l160 160C451.1 245.9 451.1 266.1 438.6 278.6z\"><\/path><\/svg><\/span><\/a><\/div><\/div>\n<\/div><\/div>\n\n\n\n<div style=\"height:37px\" aria-hidden=\"true\" class=\"wp-block-spacer\"><\/div>\n\n\n\n<h1 class=\"wp-block-heading has-text-align-center has-medium-font-size\"><strong>Herf\u00f8lge Borgerforenings medlemmer indbydes til \u00e5rsm\u00f8de mandag den 27. april kl. 19.00 i Herf\u00f8lgehallen.<\/strong><\/h1>\n\n\n\n<p><strong>Herf\u00f8lge Borgerforenings ordin\u00e6re \u00e5rsm\u00f8de.<\/strong><strong><\/strong><\/p>\n\n\n\n<p><strong>Dagsorden:<\/strong><\/p>\n\n\n\n<ol class=\"wp-block-list\">\n<li><strong>Valg af dirigent.<\/strong><\/li>\n\n\n\n<li><strong>Formandens beretning.<\/strong><\/li>\n\n\n\n<li><strong>Borgerforeningens regnskab.<\/strong><\/li>\n\n\n\n<li><strong>Forslag til budget samt kontingent.<\/strong><\/li>\n\n\n\n<li><strong>Indkomne forslag.<\/strong><\/li>\n\n\n\n<li><strong>Valg af bestyrelsesmedlemmer (jf. \u00a7 4).<\/strong><\/li>\n\n\n\n<li><strong>Valg af suppleanter (jf. \u00a7 4).<\/strong><\/li>\n\n\n\n<li><strong>Valg af revisor.<\/strong><\/li>\n\n\n\n<li><strong>Eventuelt.<\/strong><\/li>\n<\/ol>\n\n\n\n<p><strong>Forslag til behandling under dagsordenens pkt. 3 skal v\u00e6re formanden i h\u00e6nde senest otte dage inden \u00e5rsm\u00f8det. Forslag publiceres senest fire dage f\u00f8r \u00e5rsm\u00f8det ved opslag p\u00e5 biblioteket samt p\u00e5 Herf\u00f8lge Borgerforeningens hjemmeside <\/strong><a href=\"http:\/\/www.herfoelgeborger.dk\/\"><strong>www.herfoelgeborger.dk<\/strong><\/a><strong> .<\/strong><\/p>\n\n\n\n<p><strong>I forl\u00e6ngelse af det ordin\u00e6re \u00e5rsm\u00f8de f\u00e5r vi et opl\u00e6g af borgmester Ken Kristensen med titlen \u201dUdvikling i Herf\u00f8lge\u201d.<\/strong><\/p>\n\n\n\n<p><strong>Efter borgmester Ken Kristensens opl\u00e6g orienterer Projektgruppen Herf\u00f8lge fjernvarme om deres projekt: \u201dHerf\u00f8lge Fjernvarme\u201d.<\/strong><\/p>\n\n\n\n<p><strong>NB! <\/strong><strong><em>I forbindelse med borgmesterens opl\u00e6g serverer vi et traktement. Af hensyn til traktementet beder vi jer derfor om tilmelding til denne del senest den 21\/4<\/em><\/strong><\/p>\n\n\n\n<p><strong><em>p\u00e5 vores hjemmeside <a href=\"#Tilmelding\" type=\"internal\" id=\"#Tilmelding\">herfoelgeborger.dk<\/a><\/em><\/strong><\/p>\n\n\n\n<p><\/p>\n\n\n\n<div style=\"height:37px\" aria-hidden=\"true\" class=\"wp-block-spacer\"><\/div>\n\n\n\n<p id=\"Forslag\">Forslag:<\/p>\n\n\n\n<ul class=\"wp-block-list\">\n<li><a href=\"https:\/\/herfoelgeborger.dk\/wp-content\/uploads\/2026\/03\/20260427-Herfoelge-Borgerforening-Vedtaegter-Gaeldende-UDKAST-Med-aendringer.pdf\" type=\"attachment\" id=\"904\">20260427 Herf\u00f8lge Borgerforening Vedt\u00e6gter G\u00e6ldende UDKAST Med \u00e6ndring<\/a><\/li>\n\n\n\n<li><a href=\"https:\/\/herfoelgeborger.dk\/wp-content\/uploads\/2026\/03\/20260427-Herfoelge-Borgerforening-Vedtaegter-Gaeldende-UDKAST-Uden-aendringer.pdf\" type=\"attachment\" id=\"905\">20260427 Herf\u00f8lge Borgerforening Vedt\u00e6gter G\u00e6ldende UDKAST Uden \u00e6ndringer<\/a><\/li>\n<\/ul>\n\n\n\n<p id=\"Regnskab\">Regnskab:<\/p>\n\n\n\n<ul class=\"wp-block-list\">\n<li><a href=\"https:\/\/herfoelgeborger.dk\/wp-content\/uploads\/2026\/03\/Herfoelge-Borgerforening-2025.pdf\" type=\"attachment\" id=\"903\">Regnskab Herf\u00f8lge Borgerforening 2025<\/a><\/li>\n<\/ul>\n\n\n\n<div style=\"height:37px\" aria-hidden=\"true\" class=\"wp-block-spacer\"><\/div>\n\n\n\n<div class=\"wp-block-group has-border-color has-accent-2-background-color has-background is-layout-flow wp-block-group-is-layout-flow\" style=\"border-color:#111111;border-width:5px;border-top-left-radius:22px;border-top-right-radius:22px;border-bottom-left-radius:22px;border-bottom-right-radius:22px;margin-top:0;margin-bottom:0;padding-top:var(--wp--preset--spacing--20);padding-right:var(--wp--preset--spacing--20);padding-bottom:var(--wp--preset--spacing--20);padding-left:var(--wp--preset--spacing--20);box-shadow:var(--wp--preset--shadow--sharp)\">\n<p class=\"has-large-font-size\" id=\"Tilmelding\">Tilmelding:<\/p>\n\n\n<style id=\"wpforms-css-vars-866-block-fe3b3e5b-32c1-47e9-8f91-052340b852e0\">\n\t\t\t\t#wpforms-866.wpforms-block-fe3b3e5b-32c1-47e9-8f91-052340b852e0 {\n\t\t\t\t--wpforms-field-border-size: 5px;\n--wpforms-field-size-input-height: 43px;\n--wpforms-field-size-input-spacing: 15px;\n--wpforms-field-size-font-size: 16px;\n--wpforms-field-size-line-height: 19px;\n--wpforms-field-size-padding-h: 14px;\n--wpforms-field-size-checkbox-size: 16px;\n--wpforms-field-size-sublabel-spacing: 5px;\n--wpforms-field-size-icon-size: 1;\n--wpforms-label-size-font-size: 16px;\n--wpforms-label-size-line-height: 19px;\n--wpforms-label-size-sublabel-font-size: 14px;\n--wpforms-label-size-sublabel-line-height: 17px;\n--wpforms-button-size-font-size: 17px;\n--wpforms-button-size-height: 41px;\n--wpforms-button-size-padding-h: 15px;\n--wpforms-button-size-margin-top: 10px;\n\t\t\t}\n\t\t\t<\/style><div class=\"wpforms-container wpforms-container-full wpforms-block wpforms-block-fe3b3e5b-32c1-47e9-8f91-052340b852e0 wpforms-render-modern\" id=\"wpforms-866\"><form id=\"wpforms-form-866\" class=\"wpforms-validate wpforms-form wpforms-ajax-form\" data-formid=\"866\" method=\"post\" enctype=\"multipart\/form-data\" action=\"\/index.php?rest_route=%2Fwp%2Fv2%2Fpages%2F874\" data-token=\"742e156ac032bab287189c7456f22460\" data-token-time=\"1776651990\"><noscript class=\"wpforms-error-noscript\">Please enable JavaScript in your browser to complete this form.<\/noscript><div id=\"wpforms-error-noscript\" style=\"display: none;\">Please enable JavaScript in your browser to complete this form.<\/div><div class=\"wpforms-field-container\"><div id=\"wpforms-866-field_1-container\" class=\"wpforms-field wpforms-field-name\" data-field-id=\"1\"><label class=\"wpforms-field-label\" for=\"wpforms-866-field_1\">Navn <span class=\"wpforms-required-label\" aria-hidden=\"true\">*<\/span><\/label><input type=\"text\" id=\"wpforms-866-field_1\" class=\"wpforms-field-medium wpforms-field-required\" name=\"wpforms[fields][1]\" aria-errormessage=\"wpforms-866-field_1-error\" required><\/div>\t\t<div id=\"wpforms-866-field_3-container\"\n\t\t\tclass=\"wpforms-field wpforms-field-text\"\n\t\t\tdata-field-type=\"text\"\n\t\t\tdata-field-id=\"3\"\n\t\t\t>\n\t\t\t<label class=\"wpforms-field-label\" for=\"wpforms-866-field_3\" >Navn Email Medlemsnummer<\/label>\n\t\t\t<input type=\"text\" id=\"wpforms-866-field_3\" class=\"wpforms-field-medium\" name=\"wpforms[fields][3]\" >\n\t\t<\/div>\n\t\t<div id=\"wpforms-866-field_5-container\" class=\"wpforms-field wpforms-field-number\" data-field-id=\"5\"><label class=\"wpforms-field-label\" for=\"wpforms-866-field_5\">Medlemsnummer <span class=\"wpforms-required-label\" aria-hidden=\"true\">*<\/span><\/label><input type=\"number\" id=\"wpforms-866-field_5\" class=\"wpforms-field-medium wpforms-field-required\" name=\"wpforms[fields][5]\" step=\"any\" aria-errormessage=\"wpforms-866-field_5-error\" required><\/div><div id=\"wpforms-866-field_2-container\" class=\"wpforms-field wpforms-field-email\" data-field-id=\"2\"><label class=\"wpforms-field-label\" for=\"wpforms-866-field_2\">Email <span class=\"wpforms-required-label\" aria-hidden=\"true\">*<\/span><\/label><input type=\"email\" id=\"wpforms-866-field_2\" class=\"wpforms-field-medium wpforms-field-required\" name=\"wpforms[fields][2]\" spellcheck=\"false\" aria-errormessage=\"wpforms-866-field_2-error\" required><\/div><script>\n\t\t\t\t( function() {\n\t\t\t\t\tconst style = document.createElement( 'style' );\n\t\t\t\t\tstyle.appendChild( document.createTextNode( '#wpforms-866-field_3-container { position: absolute !important; overflow: hidden !important; display: inline !important; height: 1px !important; width: 1px !important; z-index: -1000 !important; padding: 0 !important; } #wpforms-866-field_3-container input { visibility: hidden; } #wpforms-conversational-form-page #wpforms-866-field_3-container label { counter-increment: none; }' ) );\n\t\t\t\t\tdocument.head.appendChild( style );\n\t\t\t\t\tdocument.currentScript?.remove();\n\t\t\t\t} )();\n\t\t\t<\/script><\/div><!-- .wpforms-field-container --><div class=\"wpforms-recaptcha-container wpforms-is-recaptcha wpforms-is-recaptcha-type-v3\" ><input type=\"hidden\" name=\"wpforms[recaptcha]\" value=\"\"><\/div><div class=\"wpforms-submit-container\" ><input type=\"hidden\" name=\"wpforms[id]\" value=\"866\"><input type=\"hidden\" name=\"page_title\" value=\"\"><input type=\"hidden\" name=\"page_url\" value=\"https:\/\/herfoelgeborger.dk\/index.php?rest_route=\/wp\/v2\/pages\/874\"><input type=\"hidden\" name=\"url_referer\" value=\"\"><button type=\"submit\" name=\"wpforms[submit]\" id=\"wpforms-submit-866\" class=\"wpforms-submit\" data-alt-text=\"Sender...\" data-submit-text=\"Send\" aria-live=\"assertive\" value=\"wpforms-submit\">Send<\/button><img loading=\"lazy\" decoding=\"async\" src=\"https:\/\/herfoelgeborger.dk\/wp-content\/plugins\/wpforms-lite\/assets\/images\/submit-spin.svg\" class=\"wpforms-submit-spinner\" style=\"display: none;\" width=\"26\" height=\"26\" alt=\"Loading\"><\/div><\/form><\/div>  <!-- .wpforms-container --><\/div>\n","protected":false},"excerpt":{"rendered":"<p>Herf\u00f8lge Borgerforenings medlemmer indbydes til \u00e5rsm\u00f8de mandag den 27. april kl. 19.00 i Herf\u00f8lgehallen. Herf\u00f8lge Borgerforenings ordin\u00e6re \u00e5rsm\u00f8de. Dagsorden: Forslag til behandling under dagsordenens pkt. 3 skal v\u00e6re formanden i h\u00e6nde senest otte dage inden \u00e5rsm\u00f8det. Forslag publiceres senest fire dage f\u00f8r \u00e5rsm\u00f8det ved opslag p\u00e5 biblioteket samt p\u00e5 Herf\u00f8lge Borgerforeningens hjemmeside www.herfoelgeborger.dk . I [&hellip;]<\/p>\n","protected":false},"author":1,"featured_media":0,"parent":0,"menu_order":0,"comment_status":"closed","ping_status":"closed","template":"","meta":{"_uag_custom_page_level_css":"","footnotes":""},"class_list":["post-874","page","type-page","status-publish","hentry"],"yoast_head":"<!-- This site is optimized with the Yoast SEO plugin v27.4 - https:\/\/yoast.com\/product\/yoast-seo-wordpress\/ -->\n<title>\u00c5rsm\u00f8de 2026 - Herf\u00f8lge Borgerforening<\/title>\n<meta name=\"robots\" content=\"index, follow, max-snippet:-1, max-image-preview:large, max-video-preview:-1\" \/>\n<link rel=\"canonical\" href=\"https:\/\/herfoelgeborger.dk\/?page_id=874\" \/>\n<meta property=\"og:locale\" content=\"da_DK\" \/>\n<meta property=\"og:type\" content=\"article\" \/>\n<meta property=\"og:title\" content=\"\u00c5rsm\u00f8de 2026 - Herf\u00f8lge Borgerforening\" \/>\n<meta property=\"og:description\" content=\"Herf\u00f8lge Borgerforenings medlemmer indbydes til \u00e5rsm\u00f8de mandag den 27. april kl. 19.00 i Herf\u00f8lgehallen. Herf\u00f8lge Borgerforenings ordin\u00e6re \u00e5rsm\u00f8de. Dagsorden: Forslag til behandling under dagsordenens pkt. 3 skal v\u00e6re formanden i h\u00e6nde senest otte dage inden \u00e5rsm\u00f8det. Forslag publiceres senest fire dage f\u00f8r \u00e5rsm\u00f8det ved opslag p\u00e5 biblioteket samt p\u00e5 Herf\u00f8lge Borgerforeningens hjemmeside www.herfoelgeborger.dk . I [&hellip;]\" \/>\n<meta property=\"og:url\" content=\"https:\/\/herfoelgeborger.dk\/?page_id=874\" \/>\n<meta property=\"og:site_name\" content=\"Herf\u00f8lge Borgerforening\" \/>\n<meta property=\"article:publisher\" content=\"https:\/\/www.facebook.com\/groups\/56766096802\" \/>\n<meta property=\"article:modified_time\" content=\"2026-03-30T08:04:49+00:00\" \/>\n<meta name=\"twitter:card\" content=\"summary_large_image\" \/>\n<meta name=\"twitter:label1\" content=\"Estimeret l\u00e6setid\" \/>\n\t<meta name=\"twitter:data1\" content=\"1 minut\" \/>\n<script type=\"application\/ld+json\" class=\"yoast-schema-graph\">{\"@context\":\"https:\\\/\\\/schema.org\",\"@graph\":[{\"@type\":\"WebPage\",\"@id\":\"https:\\\/\\\/herfoelgeborger.dk\\\/?page_id=874\",\"url\":\"https:\\\/\\\/herfoelgeborger.dk\\\/?page_id=874\",\"name\":\"\u00c5rsm\u00f8de 2026 - Herf\u00f8lge Borgerforening\",\"isPartOf\":{\"@id\":\"https:\\\/\\\/herfoelgeborger.dk\\\/#website\"},\"datePublished\":\"2026-02-28T14:30:00+00:00\",\"dateModified\":\"2026-03-30T08:04:49+00:00\",\"breadcrumb\":{\"@id\":\"https:\\\/\\\/herfoelgeborger.dk\\\/?page_id=874#breadcrumb\"},\"inLanguage\":\"da-DK\",\"potentialAction\":[{\"@type\":\"ReadAction\",\"target\":[\"https:\\\/\\\/herfoelgeborger.dk\\\/?page_id=874\"]}]},{\"@type\":\"BreadcrumbList\",\"@id\":\"https:\\\/\\\/herfoelgeborger.dk\\\/?page_id=874#breadcrumb\",\"itemListElement\":[{\"@type\":\"ListItem\",\"position\":1,\"name\":\"Hjem\",\"item\":\"https:\\\/\\\/herfoelgeborger.dk\\\/\"},{\"@type\":\"ListItem\",\"position\":2,\"name\":\"\u00c5rsm\u00f8de 2026\"}]},{\"@type\":\"WebSite\",\"@id\":\"https:\\\/\\\/herfoelgeborger.dk\\\/#website\",\"url\":\"https:\\\/\\\/herfoelgeborger.dk\\\/\",\"name\":\"Herf\u00f8lge Borgerforeningen\",\"description\":\"\",\"publisher\":{\"@id\":\"https:\\\/\\\/herfoelgeborger.dk\\\/#organization\"},\"potentialAction\":[{\"@type\":\"SearchAction\",\"target\":{\"@type\":\"EntryPoint\",\"urlTemplate\":\"https:\\\/\\\/herfoelgeborger.dk\\\/?s={search_term_string}\"},\"query-input\":{\"@type\":\"PropertyValueSpecification\",\"valueRequired\":true,\"valueName\":\"search_term_string\"}}],\"inLanguage\":\"da-DK\"},{\"@type\":\"Organization\",\"@id\":\"https:\\\/\\\/herfoelgeborger.dk\\\/#organization\",\"name\":\"Herf\u00f8lge Borgerforeningen\",\"url\":\"https:\\\/\\\/herfoelgeborger.dk\\\/\",\"logo\":{\"@type\":\"ImageObject\",\"inLanguage\":\"da-DK\",\"@id\":\"https:\\\/\\\/herfoelgeborger.dk\\\/#\\\/schema\\\/logo\\\/image\\\/\",\"url\":\"https:\\\/\\\/herfoelgeborger.dk\\\/wp-content\\\/uploads\\\/2025\\\/03\\\/cropped-header-1.jpg\",\"contentUrl\":\"https:\\\/\\\/herfoelgeborger.dk\\\/wp-content\\\/uploads\\\/2025\\\/03\\\/cropped-header-1.jpg\",\"width\":512,\"height\":512,\"caption\":\"Herf\u00f8lge Borgerforeningen\"},\"image\":{\"@id\":\"https:\\\/\\\/herfoelgeborger.dk\\\/#\\\/schema\\\/logo\\\/image\\\/\"},\"sameAs\":[\"https:\\\/\\\/www.facebook.com\\\/groups\\\/56766096802\"]}]}<\/script>\n<!-- \/ Yoast SEO plugin. -->","yoast_head_json":{"title":"\u00c5rsm\u00f8de 2026 - Herf\u00f8lge Borgerforening","robots":{"index":"index","follow":"follow","max-snippet":"max-snippet:-1","max-image-preview":"max-image-preview:large","max-video-preview":"max-video-preview:-1"},"canonical":"https:\/\/herfoelgeborger.dk\/?page_id=874","og_locale":"da_DK","og_type":"article","og_title":"\u00c5rsm\u00f8de 2026 - Herf\u00f8lge Borgerforening","og_description":"Herf\u00f8lge Borgerforenings medlemmer indbydes til \u00e5rsm\u00f8de mandag den 27. april kl. 19.00 i Herf\u00f8lgehallen. Herf\u00f8lge Borgerforenings ordin\u00e6re \u00e5rsm\u00f8de. Dagsorden: Forslag til behandling under dagsordenens pkt. 3 skal v\u00e6re formanden i h\u00e6nde senest otte dage inden \u00e5rsm\u00f8det. Forslag publiceres senest fire dage f\u00f8r \u00e5rsm\u00f8det ved opslag p\u00e5 biblioteket samt p\u00e5 Herf\u00f8lge Borgerforeningens hjemmeside www.herfoelgeborger.dk . I [&hellip;]","og_url":"https:\/\/herfoelgeborger.dk\/?page_id=874","og_site_name":"Herf\u00f8lge Borgerforening","article_publisher":"https:\/\/www.facebook.com\/groups\/56766096802","article_modified_time":"2026-03-30T08:04:49+00:00","twitter_card":"summary_large_image","twitter_misc":{"Estimeret l\u00e6setid":"1 minut"},"schema":{"@context":"https:\/\/schema.org","@graph":[{"@type":"WebPage","@id":"https:\/\/herfoelgeborger.dk\/?page_id=874","url":"https:\/\/herfoelgeborger.dk\/?page_id=874","name":"\u00c5rsm\u00f8de 2026 - Herf\u00f8lge Borgerforening","isPartOf":{"@id":"https:\/\/herfoelgeborger.dk\/#website"},"datePublished":"2026-02-28T14:30:00+00:00","dateModified":"2026-03-30T08:04:49+00:00","breadcrumb":{"@id":"https:\/\/herfoelgeborger.dk\/?page_id=874#breadcrumb"},"inLanguage":"da-DK","potentialAction":[{"@type":"ReadAction","target":["https:\/\/herfoelgeborger.dk\/?page_id=874"]}]},{"@type":"BreadcrumbList","@id":"https:\/\/herfoelgeborger.dk\/?page_id=874#breadcrumb","itemListElement":[{"@type":"ListItem","position":1,"name":"Hjem","item":"https:\/\/herfoelgeborger.dk\/"},{"@type":"ListItem","position":2,"name":"\u00c5rsm\u00f8de 2026"}]},{"@type":"WebSite","@id":"https:\/\/herfoelgeborger.dk\/#website","url":"https:\/\/herfoelgeborger.dk\/","name":"Herf\u00f8lge Borgerforeningen","description":"","publisher":{"@id":"https:\/\/herfoelgeborger.dk\/#organization"},"potentialAction":[{"@type":"SearchAction","target":{"@type":"EntryPoint","urlTemplate":"https:\/\/herfoelgeborger.dk\/?s={search_term_string}"},"query-input":{"@type":"PropertyValueSpecification","valueRequired":true,"valueName":"search_term_string"}}],"inLanguage":"da-DK"},{"@type":"Organization","@id":"https:\/\/herfoelgeborger.dk\/#organization","name":"Herf\u00f8lge Borgerforeningen","url":"https:\/\/herfoelgeborger.dk\/","logo":{"@type":"ImageObject","inLanguage":"da-DK","@id":"https:\/\/herfoelgeborger.dk\/#\/schema\/logo\/image\/","url":"https:\/\/herfoelgeborger.dk\/wp-content\/uploads\/2025\/03\/cropped-header-1.jpg","contentUrl":"https:\/\/herfoelgeborger.dk\/wp-content\/uploads\/2025\/03\/cropped-header-1.jpg","width":512,"height":512,"caption":"Herf\u00f8lge Borgerforeningen"},"image":{"@id":"https:\/\/herfoelgeborger.dk\/#\/schema\/logo\/image\/"},"sameAs":["https:\/\/www.facebook.com\/groups\/56766096802"]}]}},"uagb_featured_image_src":{"full":false,"thumbnail":false,"medium":false,"medium_large":false,"large":false,"1536x1536":false,"2048x2048":false},"uagb_author_info":{"display_name":"admin","author_link":"https:\/\/herfoelgeborger.dk\/?author=1"},"uagb_comment_info":0,"uagb_excerpt":"Herf\u00f8lge Borgerforenings medlemmer indbydes til \u00e5rsm\u00f8de mandag den 27. april kl. 19.00 i Herf\u00f8lgehallen. Herf\u00f8lge Borgerforenings ordin\u00e6re \u00e5rsm\u00f8de. Dagsorden: Forslag til behandling under dagsordenens pkt. 3 skal v\u00e6re formanden i h\u00e6nde senest otte dage inden \u00e5rsm\u00f8det. Forslag publiceres senest fire dage f\u00f8r \u00e5rsm\u00f8det ved opslag p\u00e5 biblioteket samt p\u00e5 Herf\u00f8lge Borgerforeningens hjemmeside www.herfoelgeborger.dk . I&hellip;","jetpack_sharing_enabled":true,"jetpack_likes_enabled":false,"_links":{"self":[{"href":"https:\/\/herfoelgeborger.dk\/index.php?rest_route=\/wp\/v2\/pages\/874","targetHints":{"allow":["GET"]}}],"collection":[{"href":"https:\/\/herfoelgeborger.dk\/index.php?rest_route=\/wp\/v2\/pages"}],"about":[{"href":"https:\/\/herfoelgeborger.dk\/index.php?rest_route=\/wp\/v2\/types\/page"}],"author":[{"embeddable":true,"href":"https:\/\/herfoelgeborger.dk\/index.php?rest_route=\/wp\/v2\/users\/1"}],"replies":[{"embeddable":true,"href":"https:\/\/herfoelgeborger.dk\/index.php?rest_route=%2Fwp%2Fv2%2Fcomments&post=874"}],"version-history":[{"count":14,"href":"https:\/\/herfoelgeborger.dk\/index.php?rest_route=\/wp\/v2\/pages\/874\/revisions"}],"predecessor-version":[{"id":922,"href":"https:\/\/herfoelgeborger.dk\/index.php?rest_route=\/wp\/v2\/pages\/874\/revisions\/922"}],"wp:attachment":[{"href":"https:\/\/herfoelgeborger.dk\/index.php?rest_route=%2Fwp%2Fv2%2Fmedia&parent=874"}],"curies":[{"name":"wp","href":"https:\/\/api.w.org\/{rel}","templated":true}]}}